{"id":2,"date":"2023-10-26T14:54:43","date_gmt":"2023-10-26T12:54:43","guid":{"rendered":"http:\/\/leskintrabells.com\/?page_id=2"},"modified":"2024-09-06T09:40:00","modified_gmt":"2024-09-06T07:40:00","slug":"page-d-exemple","status":"publish","type":"page","link":"https:\/\/leskintrabells.com\/","title":{"rendered":"Les KINTRABELL"},"content":{"rendered":"\n<p><strong>Les chambres d&#8217;h\u00f4tes et le g\u00eete sont situ\u00e9s \u00e0 10 min d&#8217;Amiens (p\u00e9riph\u00e9rie ouest), dans le haut du village de SAVEUSE.<br>Dans un corps de ferme datant du\u00a0<em>XIX\u00e8<\/em>me si\u00e8cle, attenant \u00e0 la maison des propri\u00e9taires.<em>\u00a0<\/em><\/strong><br><strong><em><a href=\"javascript:fiche('chambres.htm',650,430)\">4 chambres d&#8217;h\u00f4tes<\/a><\/em><\/strong><em><strong><a href=\"javascript:fiche('gite.htm',650,430)\"> et 1 G\u00eete<\/a><\/strong><\/em><br><strong>Les petits d\u00e9jeuners sont servis dans une salle \u00e0 disposition des h\u00f4tes <\/strong><br><strong>Terrasse, cour et parking ferm\u00e9s, salon de jardin, barbecue&#8230;.<br>Les chambres sont class\u00e9s en 3 \u00c9PIS sous le num\u00e9ro d&#8217;agr\u00e9ment &#8220;20502&#8221;<br><\/strong><\/p>\n\n\n\n<p><\/p>\n","protected":false},"excerpt":{"rendered":"<p>Les chambres d&#8217;h\u00f4tes et le g\u00eete sont situ\u00e9s \u00e0 10<\/p>\n","protected":false},"author":1,"featured_media":0,"parent":0,"menu_order":0,"comment_status":"closed","ping_status":"open","template":"","meta":{"footnotes":""},"class_list":["post-2","page","type-page","status-publish","hentry"],"_links":{"self":[{"href":"https:\/\/leskintrabells.com\/index.php\/wp-json\/wp\/v2\/pages\/2","targetHints":{"allow":["GET"]}}],"collection":[{"href":"https:\/\/leskintrabells.com\/index.php\/wp-json\/wp\/v2\/pages"}],"about":[{"href":"https:\/\/leskintrabells.com\/index.php\/wp-json\/wp\/v2\/types\/page"}],"author":[{"embeddable":true,"href":"https:\/\/leskintrabells.com\/index.php\/wp-json\/wp\/v2\/users\/1"}],"replies":[{"embeddable":true,"href":"https:\/\/leskintrabells.com\/index.php\/wp-json\/wp\/v2\/comments?post=2"}],"version-history":[{"count":6,"href":"https:\/\/leskintrabells.com\/index.php\/wp-json\/wp\/v2\/pages\/2\/revisions"}],"predecessor-version":[{"id":93,"href":"https:\/\/leskintrabells.com\/index.php\/wp-json\/wp\/v2\/pages\/2\/revisions\/93"}],"wp:attachment":[{"href":"https:\/\/leskintrabells.com\/index.php\/wp-json\/wp\/v2\/media?parent=2"}],"curies":[{"name":"wp","href":"https:\/\/api.w.org\/{rel}","templated":true}]}}